{"id":2262,"date":"2023-01-06T08:30:42","date_gmt":"2023-01-06T07:36:05","guid":{"rendered":"https:\/\/thermalbraces.com\/?post_type=product&#038;p=2262"},"modified":"2023-03-10T15:12:57","modified_gmt":"2023-03-10T14:12:57","slug":"thermal-hip-brace-tb-29","status":"publish","type":"product","link":"https:\/\/thermalbraces.com\/en\/produkt\/thermal-hip-brace-tb-29\/","title":{"rendered":"Thermal hip brace <b>TB-29<\/b>"},"content":{"rendered":"<p>Due to its innovative design, <strong>the TB-29 thermal brace<\/strong> perfectly wraps the hip joint around without limiting its mobility. It has two wrap around straps &#8211; one fastened at the waist and the other on the thigh, covered with anti-migration silicone material, so that the product does not move up or down during use. The circumferential straps offer smooth compression adjustment, which can be adapted to the user\u2019s individual needs. The straps can be cut, so the brace is available in <strong>one universal size<\/strong>.<\/p>\n<p>Easy attached gel compress may be used in 2 ways:<\/p>\n<ul>\n<li>chilled in the refrigerator or freezer provides therapeutical effects in case of muscles or joint acute injuries.<\/li>\n<li>warmed up in the microwave offers hot therapy provided in case of chronic rheumatological or neurological pain.<\/li>\n<\/ul>\n<p>It is also possible to use <strong>the TB-29 hip brace<\/strong> without the cold hot pack. Then, the brace provides therapeutic compression, reducing swelling and improving muscle elasticity and condition in the hip joint area.<\/p>\n<p><img loading=\"lazy\" class=\"aligncenter size-medium wp-image-2186\" src=\"https:\/\/thermalbraces.com\/wp-content\/uploads\/2022\/09\/tb-ostrzezenie-300x171.png\" alt=\"Nie nak\u0142ada\u0107 na sk\u00f3r\u0119 je\u015bli produkt jest gor\u0105cy!\" width=\"300\" height=\"171\" srcset=\"https:\/\/thermalbraces.com\/wp-content\/uploads\/2022\/09\/tb-ostrzezenie-300x171.png 300w, https:\/\/thermalbraces.com\/wp-content\/uploads\/2022\/09\/tb-ostrzezenie-768x439.png 768w, https:\/\/thermalbraces.com\/wp-content\/uploads\/2022\/09\/tb-ostrzezenie-600x343.png 600w, https:\/\/thermalbraces.com\/wp-content\/uploads\/2022\/09\/tb-ostrzezenie.png 1000w\" sizes=\"(max-width: 300px) 100vw, 300px\" \/><\/p>\n<p><a data-rel='lightbox' href='https:\/\/www.reh4mat.com\/uploads\/2021\/04\/UNI-PREN-1190x630.png'><img src='https:\/\/www.reh4mat.com\/uploads\/2021\/04\/UNI-PREN-1190x630.png' alt='' title='' class='aligncenter size-large' width='1024' height='542'><\/a><\/p>\n<p><strong>UniPren\u2122<\/strong> is a universal 3-layer material consisting of an external elastic polyamide cover knit with a self-adhesive function, an internal neoprene foam core and an elastic jersey cover knit. This material is characterized by softness and very high flexibility. A very important advantage of this material is the fact that it is not a knitted product, it does not have thick fibers, so that the weaves of the material do not imprint on the patient's skin and do not cause abrasionsin places of high compression. Products made of <strong>UniPren\u2122<\/strong> are the strongest and most effective stabilizing orthoses available on the market. Self-adhesive function, the raw material makes it much easier to use.<\/p>\n<h3>Purpose:<\/h3>\n<h4><strong>HOT THERAPY OPTION:<\/strong><\/h4>\n<ul>\n<li>chronic muscles pain<\/li>\n<li>muscle tensions<\/li>\n<li>cramps<\/li>\n<li>cold sensation<\/li>\n<li>hip degenerative conditions<\/li>\n<\/ul>\n<h4><strong>COLD THERAPY OPTION:<\/strong><\/h4>\n<ul>\n<li>hip osteoarthritis<\/li>\n<li>hip related sciatica<\/li>\n<li>adductor related groin painy<\/li>\n<li>adductor tendinopathy<\/li>\n<li>gluteal tendinopathy<\/li>\n<li>femoroacetabular impingement &#8211; FAI <\/li>\n<li>soft pain tissue (iliopsoas bursitis or tendinopathy)<\/li>\n<li>lower back pain<\/li>\n<\/ul>\n<ul class=\"pdf\">\n<li><a href=\"https:\/\/thermalbraces.com\/wp-content\/uploads\/2023\/01\/TB-29.pdf\">Setting up<\/a><\/li>\n<\/ul>\n\n\n\t\t<style type='text\/css'>\n\n\t\t\t\/* PhotoSwipe Plugin *\/\n\t\t\t.psgal {\n\t\t\t\tmargin: auto;\n\t\t\t\tpadding-bottom:40px;\n\n\t\t\t\t-webkit-transition: all 0.4s ease;\n\t\t\t\t-moz-transition: all 0.4s ease;\n\t\t\t\t-o-transition: all 0.4s ease;\n\t\t\t\ttransition: all 0.4s ease;\n\n\t\t\t\topacity:0.1;\n\t\t\t\t\n\n\t\t\t}\n\n\t\t\t.psgal.photoswipe_showme{\n\t\t\t\topacity:1;\n\t\t\t}\n\n\t\t\t.psgal figure {\n\t\t\t\tfloat: left;\n\n\t\t\t\t\n\n\t\t\t\ttext-align: center;\n\t\t\t\twidth: 300px;\n\n\t\t\t\tpadding:5px;\n\t\t\t\tmargin: 0px;\n\t\t\t\tbox-sizing:border-box;\n\t\t\t}\n\t\t\t.psgal a{\n\t\t\t\tdisplay:block;\n\t\t\t}\n\n\t\t\t.psgal img {\n\t\t\t\tmargin:auto;\n\t\t\t\tmax-width:100%;\n\t\t\t\twidth: auto;\n\t\t\t\theight: auto;\n\t\t\t\tborder: 0;\n\t\t\t}\n\t\t\t.psgal figure figcaption{\n\t\t\t\tfont-size:13px;\n\t\t\t}\n\n\t\t\t.msnry{\n\t\t\t\tmargin:auto;\n\t\t\t}\n\t\t\t.pswp__caption__center{\n\t\t\t\ttext-align: center;\n\t\t\t}\n\t\t\t\n\t\t<\/style> <div style=\"clear:both\"><\/div>\n\n\t\t<div id=\"psgal_2262_1\" class=\"psgal gallery-columns-3 gallery-size-thumbnail\" itemscope itemtype=\"http:\/\/schema.org\/ImageGallery\" >\n\t\t\t\t<figure class=\"msnry_item\" itemscope itemtype=\"http:\/\/schema.org\/ImageObject\">\n\t\t\t\t\t<a href=\"https:\/\/thermalbraces.com\/wp-content\/uploads\/2023\/01\/4T7A8649.jpg\" itemprop=\"contentUrl\" data-size=\"800x1200\" data-caption=\"\" >\n\t\t\t\t        <img src=https:\/\/thermalbraces.com\/wp-content\/uploads\/2023\/01\/4T7A8649-400x600.jpg itemprop=\"thumbnail\" alt=\"TB-29\"  \/>\n\t\t\t\t    <\/a>\n\t\t\t\t    <figcaption class=\"photoswipe-gallery-caption\" ><\/figcaption>\n\t\t\t    <\/figure>\n\t\t\t\t\n\t\t\t\t<figure class=\"msnry_item\" itemscope itemtype=\"http:\/\/schema.org\/ImageObject\">\n\t\t\t\t\t<a href=\"https:\/\/thermalbraces.com\/wp-content\/uploads\/2023\/01\/4T7A8652.jpg\" itemprop=\"contentUrl\" data-size=\"800x1200\" data-caption=\"\" >\n\t\t\t\t        <img src=https:\/\/thermalbraces.com\/wp-content\/uploads\/2023\/01\/4T7A8652-400x600.jpg itemprop=\"thumbnail\" alt=\"TB-29\"  \/>\n\t\t\t\t    <\/a>\n\t\t\t\t    <figcaption class=\"photoswipe-gallery-caption\" ><\/figcaption>\n\t\t\t    <\/figure>\n\t\t\t\t\n\t\t\t\t<figure class=\"msnry_item\" itemscope itemtype=\"http:\/\/schema.org\/ImageObject\">\n\t\t\t\t\t<a href=\"https:\/\/thermalbraces.com\/wp-content\/uploads\/2023\/01\/4T7A8662.jpg\" itemprop=\"contentUrl\" data-size=\"800x1200\" data-caption=\"\" >\n\t\t\t\t        <img src=https:\/\/thermalbraces.com\/wp-content\/uploads\/2023\/01\/4T7A8662-400x600.jpg itemprop=\"thumbnail\" alt=\"TB-29\"  \/>\n\t\t\t\t    <\/a>\n\t\t\t\t    <figcaption class=\"photoswipe-gallery-caption\" ><\/figcaption>\n\t\t\t    <\/figure>\n\t\t\t\t\n\t\t\t\t<figure class=\"msnry_item\" itemscope itemtype=\"http:\/\/schema.org\/ImageObject\">\n\t\t\t\t\t<a href=\"https:\/\/thermalbraces.com\/wp-content\/uploads\/2023\/01\/4T7A8663.jpg\" itemprop=\"contentUrl\" data-size=\"800x1200\" data-caption=\"\" >\n\t\t\t\t        <img src=https:\/\/thermalbraces.com\/wp-content\/uploads\/2023\/01\/4T7A8663-400x600.jpg itemprop=\"thumbnail\" alt=\"TB-29\"  \/>\n\t\t\t\t    <\/a>\n\t\t\t\t    <figcaption class=\"photoswipe-gallery-caption\" ><\/figcaption>\n\t\t\t    <\/figure>\n\t\t\t\t\n\t\t\t\t<figure class=\"msnry_item\" itemscope itemtype=\"http:\/\/schema.org\/ImageObject\">\n\t\t\t\t\t<a href=\"https:\/\/thermalbraces.com\/wp-content\/uploads\/2023\/01\/4T7A8702.jpg\" itemprop=\"contentUrl\" data-size=\"800x1200\" data-caption=\"\" >\n\t\t\t\t        <img src=https:\/\/thermalbraces.com\/wp-content\/uploads\/2023\/01\/4T7A8702-400x600.jpg itemprop=\"thumbnail\" alt=\"TB-29\"  \/>\n\t\t\t\t    <\/a>\n\t\t\t\t    <figcaption class=\"photoswipe-gallery-caption\" ><\/figcaption>\n\t\t\t    <\/figure>\n\t\t\t\t<\/div>\n\n\t\t<div style='clear:both'><\/div>\n\n\t\t<script type='text\/javascript'>\n\n\t\t\tvar container_2262_1 = document.querySelector('#psgal_2262_1');\n\t\t\tvar msnry;\n\n\t\t\t\/\/ initialize  after all images have loaded\n\t\t\timagesLoaded( container_2262_1, function() {\n\n\t\t\t\t\n\n\t\t\t\t\t\t\/\/ initialize Masonry after all images have loaded\n\t\t\t\t\t\tnew Masonry( container_2262_1, {\n\t\t\t\t\t\t  \/\/ options...\n\t\t\t\t\t\t  itemSelector: '.msnry_item',\n\t\t\t\t\t\t  \/\/columnWidth: 300,\n\t\t\t\t\t\t  isFitWidth: true\n\t\t\t\t\t\t});\n\n\t\t\t\t\t\t(container_2262_1).className += ' photoswipe_showme';\n\n\t\t\t\t\t\t\n\n\t\t\t});\n\n\n\t\t<\/script>\n\n\t\n","protected":false},"excerpt":{"rendered":"<p><strong>TB-29 thermal hip brace<\/strong>, equipped with cold hot pack, offers cold and hot therapy. The brace is excellent for cooling or warming the hip joint, reducing its pain, both after injury and in cases of chronic rheumatoid inflammation.<\/p>\n","protected":false},"featured_media":2299,"comment_status":"open","ping_status":"closed","template":"","meta":[],"_links":{"self":[{"href":"https:\/\/thermalbraces.com\/en\/wp-json\/wp\/v2\/product\/2262\/"}],"collection":[{"href":"https:\/\/thermalbraces.com\/en\/wp-json\/wp\/v2\/product\/"}],"about":[{"href":"https:\/\/thermalbraces.com\/en\/wp-json\/wp\/v2\/types\/product\/"}],"replies":[{"embeddable":true,"href":"https:\/\/thermalbraces.com\/en\/wp-json\/wp\/v2\/comments\/?post=2262"}],"wp:featuredmedia":[{"embeddable":true,"href":"https:\/\/thermalbraces.com\/en\/wp-json\/wp\/v2\/media\/2299\/"}],"wp:attachment":[{"href":"https:\/\/thermalbraces.com\/en\/wp-json\/wp\/v2\/media\/?parent=2262"}],"curies":[{"name":"wp","href":"https:\/\/api.w.org\/{rel}","templated":true}]}}